{"id":1812,"date":"2025-12-03T09:54:58","date_gmt":"2025-12-03T08:54:58","guid":{"rendered":"https:\/\/bonos.deliranto.com\/producto\/xec-consumible-especial-cap-dany"},"modified":"2025-12-03T09:54:58","modified_gmt":"2025-12-03T08:54:58","slug":"xec-consumible-especial-cap-dany","status":"publish","type":"product","link":"https:\/\/bonos.deliranto.com\/ca\/producto\/xec-consumible-especial-cap-dany","title":{"rendered":"Xec Consumible Especial Cap d&#8217;Any"},"content":{"rendered":"","protected":false},"excerpt":{"rendered":"<p>Men\u00fa gastron\u00f2mic amb maridatge incl\u00f2s<\/p>\n<p>Codi de vestimenta: Elegant<\/p>\n","protected":false},"featured_media":1894,"comment_status":"open","ping_status":"closed","template":"","meta":{"_et_pb_use_builder":"","_et_pb_old_content":"","_et_gb_content_width":""},"product_brand":[],"product_cat":[64],"product_tag":[65],"class_list":{"0":"post-1812","1":"product","2":"type-product","3":"status-publish","4":"has-post-thumbnail","6":"product_cat-cap-dany","7":"product_tag-cap-dany","9":"first","10":"instock","11":"taxable","12":"shipping-taxable","13":"purchasable","14":"product-type-simple"},"yoast_head":"<!-- This site is optimized with the Yoast SEO plugin v27.5 - https:\/\/yoast.com\/product\/yoast-seo-wordpress\/ -->\n<title>Xec Consumible Especial Cap d&#039;Any - Restaurante Deliranto | Experiencias<\/title>\n<meta name=\"robots\" content=\"index, follow, max-snippet:-1, max-image-preview:large, max-video-preview:-1\" \/>\n<link rel=\"canonical\" href=\"https:\/\/bonos.deliranto.com\/ca\/producto\/xec-consumible-especial-cap-dany\" \/>\n<meta property=\"og:locale\" content=\"ca_ES\" \/>\n<meta property=\"og:type\" content=\"article\" \/>\n<meta property=\"og:title\" content=\"Xec Consumible Especial Cap d&#039;Any - Restaurante Deliranto | Experiencias\" \/>\n<meta property=\"og:description\" content=\"Men\u00fa gastron\u00f2mic amb maridatge incl\u00f2s Codi de vestimenta: Elegant\" \/>\n<meta property=\"og:url\" content=\"https:\/\/bonos.deliranto.com\/ca\/producto\/xec-consumible-especial-cap-dany\" \/>\n<meta property=\"og:site_name\" content=\"Restaurante Deliranto | Experiencias\" \/>\n<meta property=\"og:image\" content=\"https:\/\/bonos.deliranto.com\/wp-content\/uploads\/2025\/12\/bono-consu.png\" \/>\n\t<meta property=\"og:image:width\" content=\"712\" \/>\n\t<meta property=\"og:image:height\" content=\"400\" \/>\n\t<meta property=\"og:image:type\" content=\"image\/png\" \/>\n<meta name=\"twitter:card\" content=\"summary_large_image\" \/>\n<script type=\"application\/ld+json\" class=\"yoast-schema-graph\">{\"@context\":\"https:\\\/\\\/schema.org\",\"@graph\":[{\"@type\":\"WebPage\",\"@id\":\"https:\\\/\\\/bonos.deliranto.com\\\/ca\\\/producto\\\/xec-consumible-especial-cap-dany\",\"url\":\"https:\\\/\\\/bonos.deliranto.com\\\/ca\\\/producto\\\/xec-consumible-especial-cap-dany\",\"name\":\"Xec Consumible Especial Cap d'Any - Restaurante Deliranto | Experiencias\",\"isPartOf\":{\"@id\":\"https:\\\/\\\/bonos.deliranto.com\\\/#website\"},\"primaryImageOfPage\":{\"@id\":\"https:\\\/\\\/bonos.deliranto.com\\\/ca\\\/producto\\\/xec-consumible-especial-cap-dany#primaryimage\"},\"image\":{\"@id\":\"https:\\\/\\\/bonos.deliranto.com\\\/ca\\\/producto\\\/xec-consumible-especial-cap-dany#primaryimage\"},\"thumbnailUrl\":\"https:\\\/\\\/bonos.deliranto.com\\\/wp-content\\\/uploads\\\/2025\\\/12\\\/bono-consu.png\",\"datePublished\":\"2025-12-03T08:54:58+00:00\",\"breadcrumb\":{\"@id\":\"https:\\\/\\\/bonos.deliranto.com\\\/ca\\\/producto\\\/xec-consumible-especial-cap-dany#breadcrumb\"},\"inLanguage\":\"ca\",\"potentialAction\":[{\"@type\":\"ReadAction\",\"target\":[\"https:\\\/\\\/bonos.deliranto.com\\\/ca\\\/producto\\\/xec-consumible-especial-cap-dany\"]}]},{\"@type\":\"ImageObject\",\"inLanguage\":\"ca\",\"@id\":\"https:\\\/\\\/bonos.deliranto.com\\\/ca\\\/producto\\\/xec-consumible-especial-cap-dany#primaryimage\",\"url\":\"https:\\\/\\\/bonos.deliranto.com\\\/wp-content\\\/uploads\\\/2025\\\/12\\\/bono-consu.png\",\"contentUrl\":\"https:\\\/\\\/bonos.deliranto.com\\\/wp-content\\\/uploads\\\/2025\\\/12\\\/bono-consu.png\",\"width\":712,\"height\":400},{\"@type\":\"BreadcrumbList\",\"@id\":\"https:\\\/\\\/bonos.deliranto.com\\\/ca\\\/producto\\\/xec-consumible-especial-cap-dany#breadcrumb\",\"itemListElement\":[{\"@type\":\"ListItem\",\"position\":1,\"name\":\"Portada\",\"item\":\"https:\\\/\\\/bonos.deliranto.com\\\/ca\"},{\"@type\":\"ListItem\",\"position\":2,\"name\":\"Botiga\",\"item\":\"https:\\\/\\\/bonos.deliranto.com\\\/ca\\\/botiga\"},{\"@type\":\"ListItem\",\"position\":3,\"name\":\"Xec Consumible Especial Cap d&#8217;Any\"}]},{\"@type\":\"WebSite\",\"@id\":\"https:\\\/\\\/bonos.deliranto.com\\\/#website\",\"url\":\"https:\\\/\\\/bonos.deliranto.com\\\/\",\"name\":\"Restaurante Deliranto | Experiencias\",\"description\":\"\",\"potentialAction\":[{\"@type\":\"SearchAction\",\"target\":{\"@type\":\"EntryPoint\",\"urlTemplate\":\"https:\\\/\\\/bonos.deliranto.com\\\/?s={search_term_string}\"},\"query-input\":{\"@type\":\"PropertyValueSpecification\",\"valueRequired\":true,\"valueName\":\"search_term_string\"}}],\"inLanguage\":\"ca\"}]}<\/script>\n<!-- \/ Yoast SEO plugin. -->","yoast_head_json":{"title":"Xec Consumible Especial Cap d'Any - Restaurante Deliranto | Experiencias","robots":{"index":"index","follow":"follow","max-snippet":"max-snippet:-1","max-image-preview":"max-image-preview:large","max-video-preview":"max-video-preview:-1"},"canonical":"https:\/\/bonos.deliranto.com\/ca\/producto\/xec-consumible-especial-cap-dany","og_locale":"ca_ES","og_type":"article","og_title":"Xec Consumible Especial Cap d'Any - Restaurante Deliranto | Experiencias","og_description":"Men\u00fa gastron\u00f2mic amb maridatge incl\u00f2s Codi de vestimenta: Elegant","og_url":"https:\/\/bonos.deliranto.com\/ca\/producto\/xec-consumible-especial-cap-dany","og_site_name":"Restaurante Deliranto | Experiencias","og_image":[{"width":712,"height":400,"url":"https:\/\/bonos.deliranto.com\/wp-content\/uploads\/2025\/12\/bono-consu.png","type":"image\/png"}],"twitter_card":"summary_large_image","schema":{"@context":"https:\/\/schema.org","@graph":[{"@type":"WebPage","@id":"https:\/\/bonos.deliranto.com\/ca\/producto\/xec-consumible-especial-cap-dany","url":"https:\/\/bonos.deliranto.com\/ca\/producto\/xec-consumible-especial-cap-dany","name":"Xec Consumible Especial Cap d'Any - Restaurante Deliranto | Experiencias","isPartOf":{"@id":"https:\/\/bonos.deliranto.com\/#website"},"primaryImageOfPage":{"@id":"https:\/\/bonos.deliranto.com\/ca\/producto\/xec-consumible-especial-cap-dany#primaryimage"},"image":{"@id":"https:\/\/bonos.deliranto.com\/ca\/producto\/xec-consumible-especial-cap-dany#primaryimage"},"thumbnailUrl":"https:\/\/bonos.deliranto.com\/wp-content\/uploads\/2025\/12\/bono-consu.png","datePublished":"2025-12-03T08:54:58+00:00","breadcrumb":{"@id":"https:\/\/bonos.deliranto.com\/ca\/producto\/xec-consumible-especial-cap-dany#breadcrumb"},"inLanguage":"ca","potentialAction":[{"@type":"ReadAction","target":["https:\/\/bonos.deliranto.com\/ca\/producto\/xec-consumible-especial-cap-dany"]}]},{"@type":"ImageObject","inLanguage":"ca","@id":"https:\/\/bonos.deliranto.com\/ca\/producto\/xec-consumible-especial-cap-dany#primaryimage","url":"https:\/\/bonos.deliranto.com\/wp-content\/uploads\/2025\/12\/bono-consu.png","contentUrl":"https:\/\/bonos.deliranto.com\/wp-content\/uploads\/2025\/12\/bono-consu.png","width":712,"height":400},{"@type":"BreadcrumbList","@id":"https:\/\/bonos.deliranto.com\/ca\/producto\/xec-consumible-especial-cap-dany#breadcrumb","itemListElement":[{"@type":"ListItem","position":1,"name":"Portada","item":"https:\/\/bonos.deliranto.com\/ca"},{"@type":"ListItem","position":2,"name":"Botiga","item":"https:\/\/bonos.deliranto.com\/ca\/botiga"},{"@type":"ListItem","position":3,"name":"Xec Consumible Especial Cap d&#8217;Any"}]},{"@type":"WebSite","@id":"https:\/\/bonos.deliranto.com\/#website","url":"https:\/\/bonos.deliranto.com\/","name":"Restaurante Deliranto | Experiencias","description":"","potentialAction":[{"@type":"SearchAction","target":{"@type":"EntryPoint","urlTemplate":"https:\/\/bonos.deliranto.com\/?s={search_term_string}"},"query-input":{"@type":"PropertyValueSpecification","valueRequired":true,"valueName":"search_term_string"}}],"inLanguage":"ca"}]}},"_links":{"self":[{"href":"https:\/\/bonos.deliranto.com\/ca\/wp-json\/wp\/v2\/product\/1812","targetHints":{"allow":["GET"]}}],"collection":[{"href":"https:\/\/bonos.deliranto.com\/ca\/wp-json\/wp\/v2\/product"}],"about":[{"href":"https:\/\/bonos.deliranto.com\/ca\/wp-json\/wp\/v2\/types\/product"}],"replies":[{"embeddable":true,"href":"https:\/\/bonos.deliranto.com\/ca\/wp-json\/wp\/v2\/comments?post=1812"}],"wp:featuredmedia":[{"embeddable":true,"href":"https:\/\/bonos.deliranto.com\/ca\/wp-json\/wp\/v2\/media\/1894"}],"wp:attachment":[{"href":"https:\/\/bonos.deliranto.com\/ca\/wp-json\/wp\/v2\/media?parent=1812"}],"wp:term":[{"taxonomy":"product_brand","embeddable":true,"href":"https:\/\/bonos.deliranto.com\/ca\/wp-json\/wp\/v2\/product_brand?post=1812"},{"taxonomy":"product_cat","embeddable":true,"href":"https:\/\/bonos.deliranto.com\/ca\/wp-json\/wp\/v2\/product_cat?post=1812"},{"taxonomy":"product_tag","embeddable":true,"href":"https:\/\/bonos.deliranto.com\/ca\/wp-json\/wp\/v2\/product_tag?post=1812"}],"curies":[{"name":"wp","href":"https:\/\/api.w.org\/{rel}","templated":true}]}}